{"id":106,"date":"2015-10-11T21:46:57","date_gmt":"2015-10-11T19:46:57","guid":{"rendered":"https:\/\/obtainabledaughter.s2-tastewp.com\/?page_id=106"},"modified":"2023-07-07T16:15:05","modified_gmt":"2023-07-07T14:15:05","slug":"oeffnungszeiten","status":"publish","type":"page","link":"https:\/\/krabbelmonster-bamberg.de\/?page_id=106","title":{"rendered":"Organisatorisches"},"content":{"rendered":"\n<h3 class=\"wp-block-heading\">\u00d6ffnungszeiten<\/h3>\n\n\n\n<p>Montag bis Donnerstag:&nbsp;&nbsp; &nbsp; 07:45 Uhr bis 16:15 Uhr<br>Freitag: &nbsp; &nbsp; &nbsp; &nbsp; &nbsp; &nbsp; &nbsp; &nbsp; &nbsp; &nbsp; &nbsp; &nbsp; &nbsp;&nbsp;&nbsp;&nbsp;&nbsp;&nbsp;&nbsp;&nbsp;&nbsp;&nbsp;&nbsp;&nbsp; 07:45 Uhr bis 14:15 Uhr<\/p>\n\n\n\n<h3 class=\"wp-block-heading\">Beitr\u00e4ge<\/h3>\n\n\n\n<h6 class=\"wp-block-heading\"><strong>Betreuungsbeitrag <\/strong><\/h6>\n\n\n\n<p>Der monatliche Betreuungsbeitrag ist abh\u00e4ngig von der gebuchten durchschnittlichen t\u00e4glichen Betreuungszeit und dieser Tabelle zu entnehmen.<\/p>\n\n\n\n<figure class=\"wp-block-table is-style-stripes\"><table><tbody><tr><td> <strong>Durchschnittliche T\u00e4gliche Betreuungszeit<\/strong><\/td><td class=\"has-text-align-right\" data-align=\"right\">  <strong>Betreuungsbeitrag<\/strong><\/td><\/tr><tr><td> Eingew\u00f6hnungsmonat (ca. 20 Wochenstunden)<\/td><td class=\"has-text-align-right\" data-align=\"right\"> 150,- \u20ac<\/td><\/tr><tr><td> 4 &#8211; 5  Stunden  (25 WS) <\/td><td class=\"has-text-align-right\" data-align=\"right\"> 165,- \u20ac <\/td><\/tr><tr><td> 5 &#8211; 6  Stunden (30 WS) <\/td><td class=\"has-text-align-right\" data-align=\"right\"> 180,- \u20ac <\/td><\/tr><tr><td> 6 &#8211; 7  Stunden (35 WS) <\/td><td class=\"has-text-align-right\" data-align=\"right\"> 195,- \u20ac <\/td><\/tr><tr><td> 7 &#8211; 8  Stunden (40 WS)  <\/td><td class=\"has-text-align-right\" data-align=\"right\"> 210,- \u20ac <\/td><\/tr><tr><td>  8 &#8211; 9  Stunden (40,5 WS)  <\/td><td class=\"has-text-align-right\" data-align=\"right\"> 225,- \u20ac <\/td><\/tr><\/tbody><\/table><figcaption class=\"wp-element-caption\">Beitr\u00e4ge f\u00fcr Studenten<\/figcaption><\/figure>\n\n\n\n<figure class=\"wp-block-table is-style-stripes\"><table><tbody><tr><td><strong>Durchschnittliche T\u00e4gliche Betreuungszeit<\/strong><\/td><td><strong>Betreuungsbeitrag<\/strong><\/td><\/tr><tr><td>Eingew\u00f6hnungsmonat (ca. 20 Wochenstunden)<\/td><td>225,- \u20ac<\/td><\/tr><tr><td>4 &#8211; 5 Stunden (25 WS)<\/td><td>240,- \u20ac<\/td><\/tr><tr><td>5 &#8211; 6 Stunden (30 WS)<\/td><td>255,- \u20ac<\/td><\/tr><tr><td>6 &#8211; 7 Stunden (35 WS)<\/td><td>270,- \u20ac<\/td><\/tr><tr><td>7 &#8211; 8 Stunden (40 WS)<\/td><td>285,- \u20ac<\/td><\/tr><tr><td>8 &#8211; 9 Stunden (40,5 WS)<\/td><td>300,- \u20ac<\/td><\/tr><\/tbody><\/table><figcaption class=\"wp-element-caption\">Beitr\u00e4ge f\u00fcr Mitarbeitende der Uni Bamberg und des Studentenwerk W\u00fcrzburg<\/figcaption><\/figure>\n\n\n\n<p>Die Kernzeit von 8:30 Uhr bis 12:30 Uhr muss gebucht werden, dies entspricht einer durchschnittlichen t\u00e4glichen Betreuungszeit von 4 &#8211; 5 Stunden.<\/p>\n\n\n\n<p>Da wir ab dem 1.1.2022 durch BayKiBiG gef\u00f6rdert sind, kann ab dem Jahr 2022 das sogenannte <a href=\"https:\/\/www.zbfs.bayern.de\/familie\/krippengeld\/antrag\/index.php\">&#8222;Krippengeld&#8220;<\/a> beantragt werden.<\/p>\n\n\n\n<h6 class=\"wp-block-heading\"><strong>Mitgliedsbeitrag<\/strong><\/h6>\n\n\n\n<p>Unabh\u00e4ngig vom Betreuungsbeitrag und Essensgeld sind f\u00fcr den Mitgliedsbeitrag des Vereins j\u00e4hrlich 20 \u20ac (Einzelperson) bzw. 30 \u20ac (Familien) zu entrichten. <\/p>\n\n\n\n<h6 class=\"wp-block-heading\">Essensgeld<\/h6>\n\n\n\n<p>Aktuell bel\u00e4uft sich das Essensgeld auf 50\u20ac pro Monat. Daf\u00fcr bekommen die Kleinen t\u00e4glich ein warmes Mittagessen. <\/p>\n","protected":false},"excerpt":{"rendered":"<p>\u00d6ffnungszeiten Montag bis Donnerstag:&nbsp;&nbsp; &nbsp; 07:45 Uhr bis 16:15 UhrFreitag: &nbsp; &nbsp; &nbsp; &nbsp; &nbsp; &nbsp; &nbsp; &nbsp; &nbsp; &nbsp; &nbsp; &nbsp; &nbsp;&nbsp;&nbsp;&nbsp;&nbsp;&nbsp;&nbsp;&nbsp;&nbsp;&nbsp;&nbsp;&nbsp; 07:45 Uhr bis 14:15 Uhr Beitr\u00e4ge Betreuungsbeitrag Der monatliche Betreuungsbeitrag ist abh\u00e4ngig von der gebuchten durchschnittlichen t\u00e4glichen Betreuungszeit und dieser Tabelle zu entnehmen. Durchschnittliche T\u00e4gliche Betreuungszeit Betreuungsbeitrag Eingew\u00f6hnungsmonat (ca. 20 Wochenstunden) 150,- &hellip; <a href=\"https:\/\/krabbelmonster-bamberg.de\/?page_id=106\" class=\"more-link\"><span class=\"screen-reader-text\">Organisatorisches<\/span> weiterlesen <span class=\"meta-nav\">&rarr;<\/span><\/a><\/p>\n","protected":false},"author":1,"featured_media":0,"parent":0,"menu_order":4,"comment_status":"closed","ping_status":"closed","template":"","meta":{"ngg_post_thumbnail":0,"footnotes":""},"_links":{"self":[{"href":"https:\/\/krabbelmonster-bamberg.de\/index.php?rest_route=\/wp\/v2\/pages\/106"}],"collection":[{"href":"https:\/\/krabbelmonster-bamberg.de\/index.php?rest_route=\/wp\/v2\/pages"}],"about":[{"href":"https:\/\/krabbelmonster-bamberg.de\/index.php?rest_route=\/wp\/v2\/types\/page"}],"author":[{"embeddable":true,"href":"https:\/\/krabbelmonster-bamberg.de\/index.php?rest_route=\/wp\/v2\/users\/1"}],"replies":[{"embeddable":true,"href":"https:\/\/krabbelmonster-bamberg.de\/index.php?rest_route=%2Fwp%2Fv2%2Fcomments&post=106"}],"version-history":[{"count":24,"href":"https:\/\/krabbelmonster-bamberg.de\/index.php?rest_route=\/wp\/v2\/pages\/106\/revisions"}],"predecessor-version":[{"id":660,"href":"https:\/\/krabbelmonster-bamberg.de\/index.php?rest_route=\/wp\/v2\/pages\/106\/revisions\/660"}],"wp:attachment":[{"href":"https:\/\/krabbelmonster-bamberg.de\/index.php?rest_route=%2Fwp%2Fv2%2Fmedia&parent=106"}],"curies":[{"name":"wp","href":"https:\/\/api.w.org\/{rel}","templated":true}]}}