{"id":225,"date":"2017-03-14T21:03:22","date_gmt":"2017-03-14T20:03:22","guid":{"rendered":"https:\/\/obtainabledaughter.s2-tastewp.com\/?page_id=225"},"modified":"2026-02-10T21:34:15","modified_gmt":"2026-02-10T20:34:15","slug":"einblick-kaimsgasse","status":"publish","type":"page","link":"https:\/\/krabbelmonster-bamberg.de\/?page_id=225","title":{"rendered":"Kaimsgasse"},"content":{"rendered":"\n<h3 class=\"wp-block-heading\">Anschrift<\/h3>\n\n\n\n<p>Kaimsgasse 23<br>96052 Bamberg<br>Tel: 0951\/200 436<br>Mail: <a href=\"mailto:kaimsgasse@krabbelmonster-bamberg.de\">kaimsgasse@krabbelmonster-bamberg.de<\/a> <\/p>\n\n\n\n<h3 class=\"wp-block-heading\">Personen<\/h3>\n\n\n\n<p>12 Kinder zwischen einem Jahr&nbsp;und drei Jahren<br>2 Erzieherinnen und 1&nbsp;Kinderpflegerin<br>1 SPS-Praktikant(in) oder Berufspraktikant(in)<br>und weitere PraktikantInnen<\/p>\n\n\n\n<p>Gruppenleitung: Katharina Wunder<\/p>\n\n\n\n<h3 class=\"wp-block-heading\">Konzeption<\/h3>\n\n\n \n<div class=\"wp-block-file\"><a href=\"https:\/\/krabbelmonster-bamberg.de\/wp-content\/uploads\/2026\/02\/Konzeption-Kaimsgasse-Januar-2026.pdf\" class=\"wp-block-file__button wp-element-button\" download>Konzeption Kaimsgasse Herunterladen<\/a><\/div>\n\n\n\n<h3 class=\"wp-block-heading\"> R\u00e4umlichkeiten<\/h3>\n\n\n\n<p> Die R\u00e4umlichkeiten der Kaimsgasse bieten eine famili\u00e4re Atmosph\u00e4re in einem komplett sanierten, denkmalgesch\u00fctzten Altbau. Das Raumkonzept umfasst ein&nbsp;gro\u00dfz\u00fcgiges Spielzimmer, einen&nbsp;Schlafraum mit Matratzenlager, ein&nbsp;Kinderbad und eine&nbsp;K\u00fcche. Zudem stehen neben dem&nbsp;Garderobenbereich und der&nbsp;Kinderwagengarage ein weiterer Raum (f\u00fcr verschiedene p\u00e4dagogische Angebote) und der Garten zur Verf\u00fcgung. <\/p>\n\n\n\nngg_shortcode_0_placeholder\n","protected":false},"excerpt":{"rendered":"<p>Anschrift Kaimsgasse 2396052 BambergTel: 0951\/200 436Mail: kaimsgasse@krabbelmonster-bamberg.de Personen 12 Kinder zwischen einem Jahr&nbsp;und drei Jahren2 Erzieherinnen und 1&nbsp;Kinderpflegerin1 SPS-Praktikant(in) oder Berufspraktikant(in)und weitere PraktikantInnen Gruppenleitung: Katharina Wunder Konzeption R\u00e4umlichkeiten Die R\u00e4umlichkeiten der Kaimsgasse bieten eine famili\u00e4re Atmosph\u00e4re in einem komplett sanierten, denkmalgesch\u00fctzten Altbau. Das Raumkonzept umfasst ein&nbsp;gro\u00dfz\u00fcgiges Spielzimmer, einen&nbsp;Schlafraum mit Matratzenlager, ein&nbsp;Kinderbad und eine&nbsp;K\u00fcche. Zudem stehen &hellip; <a href=\"https:\/\/krabbelmonster-bamberg.de\/?page_id=225\" class=\"more-link\"><span class=\"screen-reader-text\">Kaimsgasse<\/span> weiterlesen <span class=\"meta-nav\">&rarr;<\/span><\/a><\/p>\n","protected":false},"author":1,"featured_media":0,"parent":0,"menu_order":1,"comment_status":"closed","ping_status":"closed","template":"","meta":{"ngg_post_thumbnail":0,"footnotes":""},"_links":{"self":[{"href":"https:\/\/krabbelmonster-bamberg.de\/index.php?rest_route=\/wp\/v2\/pages\/225"}],"collection":[{"href":"https:\/\/krabbelmonster-bamberg.de\/index.php?rest_route=\/wp\/v2\/pages"}],"about":[{"href":"https:\/\/krabbelmonster-bamberg.de\/index.php?rest_route=\/wp\/v2\/types\/page"}],"author":[{"embeddable":true,"href":"https:\/\/krabbelmonster-bamberg.de\/index.php?rest_route=\/wp\/v2\/users\/1"}],"replies":[{"embeddable":true,"href":"https:\/\/krabbelmonster-bamberg.de\/index.php?rest_route=%2Fwp%2Fv2%2Fcomments&post=225"}],"version-history":[{"count":29,"href":"https:\/\/krabbelmonster-bamberg.de\/index.php?rest_route=\/wp\/v2\/pages\/225\/revisions"}],"predecessor-version":[{"id":787,"href":"https:\/\/krabbelmonster-bamberg.de\/index.php?rest_route=\/wp\/v2\/pages\/225\/revisions\/787"}],"wp:attachment":[{"href":"https:\/\/krabbelmonster-bamberg.de\/index.php?rest_route=%2Fwp%2Fv2%2Fmedia&parent=225"}],"curies":[{"name":"wp","href":"https:\/\/api.w.org\/{rel}","templated":true}]}}