{"id":599,"date":"2021-04-05T15:53:28","date_gmt":"2021-04-05T13:53:28","guid":{"rendered":"https:\/\/obtainabledaughter.s2-tastewp.com\/?page_id=599"},"modified":"2025-09-24T20:47:50","modified_gmt":"2025-09-24T18:47:50","slug":"stellenabgebote","status":"publish","type":"page","link":"https:\/\/krabbelmonster-bamberg.de\/?page_id=599","title":{"rendered":"Stellenausschreibung(en)"},"content":{"rendered":"\n<h3 class=\"wp-block-heading hide\">Praktikant*in [einblenden: Klasse hide entfernen]<\/h3>\n\n\n\n<p class=\"hide\">Der Verein Krabbelmonster e. V. betreut in zwei Gruppen je 12 Kinder von 1 bis 3 Jahren von studierenden Eltern.<\/p>\n\n\n\n<p class=\"hide\">F\u00fcr unsere Kinderkrippengruppen in der Kaimsgasse oder der Pestalozzistra\u00dfe sind wir immer auf der Suche nach neuen Praktikanten\/tin.<\/p>\n\n\n\n<p class=\"hide\">Wir bieten eine Stelle in einem netten, famili\u00e4ren Team, das sich auf Deine Hilfe und Mitarbeit freut und vor allem die kleinen Krabbelmonster, die gespannt auf Dich warten.<\/p>\n\n\n\n<p class=\"hide\">Dann freuen wir uns auf Deine Bewerbung per E-Mail an: <\/p>\n\n\n\n<p class=\"hide\"><a href=\"mailto:kaimsgasse@krabbelmonster-bamberg.de\">kaimsgasse@krabbelmonster-bamberg.de<\/a> bzw. <a href=\"mailto:pestalozzi@krabbelmonster-bamberg.de\">pestalozzi@krabbelmonster-bamberg.de<\/a><\/p>\n\n\n\n<div class=\"wp-block-group hide\"><div class=\"wp-block-group__inner-container is-layout-constrained wp-block-group-is-layout-constrained\">\n<h3 class=\"wp-block-heading\" id=\"sej\">Erzieherin_in (d\/m\/w) bzw. p\u00e4dagogische Fachkraft<\/h3>\n\n\n\n<p>Die Studentische Kinderkrippe Krabbelmonster e.V. sucht f\u00fcr das KiTa-Jahr 2026\/27 mit Start zum 01.09.2026 eine(n) ErzieherIn bzw. p\u00e4dagogische Fachkraft (m\/w\/d). <\/p>\n\n\n\n<p>Die Stelle ist in der Gruppe in der Kaimsgasse zu besetzen.<\/p>\n\n\n\n<p>Die Praktikumsstelle ist unbefristet und erfolgt in Vollzeit mit mindestens 36h\/Woche mit einer Bezahlung gem\u00e4\u00df TV-L.<\/p>\n\n\n\n<p>Wir bieten eine Stelle in einem netten, famili\u00e4ren Team, das sich auf Deine Hilfe und Mitarbeit freut und vor allem die kleinen Krabbelmonster, die gespannt auf Dich warten.<\/p>\n\n\n\n<p>Wir freuen uns auf Deine Bewerbung per E-Mail an:&nbsp;<\/p>\n\n\n\n<p><a href=\"mailto:kaimsgasse@krabbelmonster-bamberg.de\">kaimsgasse@krabbelmonster-bamberg.de<\/a><\/p>\n<\/div><\/div>\n\n\n\n<div class=\"wp-block-group\"><div class=\"wp-block-group__inner-container is-layout-constrained wp-block-group-is-layout-constrained\">\n<h3 class=\"wp-block-heading\" id=\"sej\">Praktikant_in (d\/m\/w) im einj\u00e4hrigen <br>Sozialp\u00e4dagogischen Einf\u00fchrungsjahr (SEJ)<\/h3>\n\n\n\n<p>Die Studentische Kinderkrippe Krabbelmonster e.V. sucht f\u00fcr das KiTa-Jahr 2026\/27 mit Start zum 01.09.2026 zwei SEJ-Praktikanten m\/w\/d.<\/p>\n\n\n\n<p>Eine Stelle w\u00e4re in der Gruppe in der Kaimsgasse zu besetzen, die andere Stelle in der Pestalozzistra\u00dfe.<\/p>\n\n\n\n<p>Die Praktikumsstelle ist befristet vom 01.09.2025 &#8211; 31.08.2026 und erfolgt in Vollzeit mit 40h\/Woche.<\/p>\n\n\n\n<p>Der Verein Krabbelmonster e.V. betreut in zwei Gruppen je 12 Kinder von 1 bis 3 Jahren von studierenden Eltern und Mitarbeitenden der Universit\u00e4t Bamberg.<\/p>\n\n\n\n<p>F\u00fcr unsere Kinderkrippengruppen in der Kaimsgasse oder der Pestalozzistra\u00dfe sind wir immer auf der Suche nach neuen Praktikanten\/tin.<\/p>\n\n\n\n<p>Wir bieten eine Stelle in einem netten, famili\u00e4ren Team, das sich auf Deine Hilfe und Mitarbeit freut und vor allem die kleinen Krabbelmonster, die gespannt auf Dich warten.<\/p>\n\n\n\n<p>Wir freuen uns auf Deine Bewerbung per E-Mail an:&nbsp;<\/p>\n\n\n\n<p><a href=\"mailto:kaimsgasse@krabbelmonster-bamberg.de\">kaimsgasse@krabbelmonster-bamberg.de<\/a>&nbsp;bzw.&nbsp;<a href=\"mailto:pestalozzi@krabbelmonster-bamberg.de\">pestalozzi@krabbelmonster-bamberg.de<\/a><\/p>\n<\/div><\/div>\n","protected":false},"excerpt":{"rendered":"<p>Praktikant*in [einblenden: Klasse hide entfernen] Der Verein Krabbelmonster e. V. betreut in zwei Gruppen je 12 Kinder von 1 bis 3 Jahren von studierenden Eltern. F\u00fcr unsere Kinderkrippengruppen in der Kaimsgasse oder der Pestalozzistra\u00dfe sind wir immer auf der Suche nach neuen Praktikanten\/tin. Wir bieten eine Stelle in einem netten, famili\u00e4ren Team, das sich auf &hellip; <a href=\"https:\/\/krabbelmonster-bamberg.de\/?page_id=599\" class=\"more-link\"><span class=\"screen-reader-text\">Stellenausschreibung(en)<\/span> weiterlesen <span class=\"meta-nav\">&rarr;<\/span><\/a><\/p>\n","protected":false},"author":1,"featured_media":0,"parent":593,"menu_order":0,"comment_status":"closed","ping_status":"closed","template":"","meta":{"ngg_post_thumbnail":0,"footnotes":""},"_links":{"self":[{"href":"https:\/\/krabbelmonster-bamberg.de\/index.php?rest_route=\/wp\/v2\/pages\/599"}],"collection":[{"href":"https:\/\/krabbelmonster-bamberg.de\/index.php?rest_route=\/wp\/v2\/pages"}],"about":[{"href":"https:\/\/krabbelmonster-bamberg.de\/index.php?rest_route=\/wp\/v2\/types\/page"}],"author":[{"embeddable":true,"href":"https:\/\/krabbelmonster-bamberg.de\/index.php?rest_route=\/wp\/v2\/users\/1"}],"replies":[{"embeddable":true,"href":"https:\/\/krabbelmonster-bamberg.de\/index.php?rest_route=%2Fwp%2Fv2%2Fcomments&post=599"}],"version-history":[{"count":32,"href":"https:\/\/krabbelmonster-bamberg.de\/index.php?rest_route=\/wp\/v2\/pages\/599\/revisions"}],"predecessor-version":[{"id":782,"href":"https:\/\/krabbelmonster-bamberg.de\/index.php?rest_route=\/wp\/v2\/pages\/599\/revisions\/782"}],"up":[{"embeddable":true,"href":"https:\/\/krabbelmonster-bamberg.de\/index.php?rest_route=\/wp\/v2\/pages\/593"}],"wp:attachment":[{"href":"https:\/\/krabbelmonster-bamberg.de\/index.php?rest_route=%2Fwp%2Fv2%2Fmedia&parent=599"}],"curies":[{"name":"wp","href":"https:\/\/api.w.org\/{rel}","templated":true}]}}