{"id":9,"date":"2015-10-09T11:17:23","date_gmt":"2015-10-09T09:17:23","guid":{"rendered":"https:\/\/obtainabledaughter.s2-tastewp.com\/?page_id=9"},"modified":"2025-07-09T13:03:58","modified_gmt":"2025-07-09T11:03:58","slug":"aktuelles","status":"publish","type":"page","link":"https:\/\/krabbelmonster-bamberg.de\/","title":{"rendered":"Willkommen"},"content":{"rendered":"\n<h6 class=\"wp-block-heading\">Herzlich Willkommen bei den Krabbelmonstern!<\/h6>\n\n\n\n<p class=\"has-off-white-background-color has-background hide\">Wir sind aktuell auf der Suche nach ErzieherInnen und PraktikantInnen. Interessiert? <a href=\"https:\/\/krabbelmonster-bamberg.de\/?page_id=599#sej\" data-type=\"page\" data-id=\"599\">Hier geht&#8217;s zu den Stellenangeboten. <\/a><\/p>\n\n\n\n<p>Die Kinderkrippe Krabbelmonster wurde 1991 von Bamberger Studentinnen und Studenten als eingetragener Verein gegr\u00fcndet. Ziel des Vereins war und ist es, den Kindern von studierenden Eltern eine qualifizierte und liebevolle Betreuung zu bieten und den Eltern zu erm\u00f6glichen, ihr Studium fortzusetzen. Wichtiger Bestandteil des Konzepts als Elterninitiative ist dabei die enge Zusammenarbeit von Eltern und p\u00e4dagogischem Krippenteam.<\/p>\n\n\n\n<p>Heute bietet der Verein in der Pestalozzistra\u00dfe und in der Kaimsgasse Pl\u00e4tze f\u00fcr jeweils zw\u00f6lf Kinder im Alter von eins bis drei. In der Kaimsgasse sind zwei der Pl\u00e4tze f\u00fcr Kinder von Angestellten des Landratsamts vorgesehen.<br>Als Elterninitiative leben wir von dem Engagement der Vereinsmitglieder: Als Mitglieder des Vereins haben Eltern die M\u00f6glichkeit, in Vereinsvorstand, Arbeitsgruppen und der j\u00e4hrlich stattfindenden Mitgliederversammlung aktiv an der Verbesserung und Weiterentwicklung der Einrichtung mitzuwirken.<\/p>\n\n\n\n<p>Die Kinderkrippe Krabbelmonster wird finanziell vom <a href=\"https:\/\/www.studentenwerk-wuerzburg.de\/\" target=\"_blank\" rel=\"noopener noreferrer\">Studierendenwerk W\u00fcrzburg<\/a> gef\u00f6rdert.<\/p>\n\n\n\n<p>Auf den folgenden Seiten m\u00f6chten wir uns vorstellen und zeigen, wie der Alltag bei den Krabbelmonstern aussieht und was uns besonders macht.<\/p>\n\n\n\n<p>S\u00e4mtliche Infos &#8222;in K\u00fcrze und zum Mitnehmen&#8220; auch hier zum Download in unserem <a href=\"https:\/\/krabbelmonster-bamberg.de\/wp-content\/uploads\/2024\/10\/Krabbelmonster_Flyer_2023.pdf\" target=\"_blank\" rel=\"noopener noreferrer\">Krabbelmonster-Flyer<\/a>!<\/p>\n","protected":false},"excerpt":{"rendered":"<p>Herzlich Willkommen bei den Krabbelmonstern! Wir sind aktuell auf der Suche nach ErzieherInnen und PraktikantInnen. Interessiert? Hier geht&#8217;s zu den Stellenangeboten. Die Kinderkrippe Krabbelmonster wurde 1991 von Bamberger Studentinnen und Studenten als eingetragener Verein gegr\u00fcndet. Ziel des Vereins war und ist es, den Kindern von studierenden Eltern eine qualifizierte und liebevolle Betreuung zu bieten und &hellip; <a href=\"https:\/\/krabbelmonster-bamberg.de\/\" class=\"more-link\"><span class=\"screen-reader-text\">Willkommen<\/span> weiterlesen <span class=\"meta-nav\">&rarr;<\/span><\/a><\/p>\n","protected":false},"author":1,"featured_media":0,"parent":0,"menu_order":0,"comment_status":"closed","ping_status":"closed","template":"","meta":{"ngg_post_thumbnail":0,"footnotes":""},"_links":{"self":[{"href":"https:\/\/krabbelmonster-bamberg.de\/index.php?rest_route=\/wp\/v2\/pages\/9"}],"collection":[{"href":"https:\/\/krabbelmonster-bamberg.de\/index.php?rest_route=\/wp\/v2\/pages"}],"about":[{"href":"https:\/\/krabbelmonster-bamberg.de\/index.php?rest_route=\/wp\/v2\/types\/page"}],"author":[{"embeddable":true,"href":"https:\/\/krabbelmonster-bamberg.de\/index.php?rest_route=\/wp\/v2\/users\/1"}],"replies":[{"embeddable":true,"href":"https:\/\/krabbelmonster-bamberg.de\/index.php?rest_route=%2Fwp%2Fv2%2Fcomments&post=9"}],"version-history":[{"count":31,"href":"https:\/\/krabbelmonster-bamberg.de\/index.php?rest_route=\/wp\/v2\/pages\/9\/revisions"}],"predecessor-version":[{"id":770,"href":"https:\/\/krabbelmonster-bamberg.de\/index.php?rest_route=\/wp\/v2\/pages\/9\/revisions\/770"}],"wp:attachment":[{"href":"https:\/\/krabbelmonster-bamberg.de\/index.php?rest_route=%2Fwp%2Fv2%2Fmedia&parent=9"}],"curies":[{"name":"wp","href":"https:\/\/api.w.org\/{rel}","templated":true}]}}